{"id":820,"date":"2020-11-13T10:48:04","date_gmt":"2020-11-13T10:48:04","guid":{"rendered":"https:\/\/stinasiljing.com\/?page_id=820"},"modified":"2021-01-09T12:22:26","modified_gmt":"2021-01-09T12:22:26","slug":"fragilt","status":"publish","type":"page","link":"https:\/\/stinasiljing.com\/en\/utstallningar\/fragilt\/","title":{"rendered":"Italian Palace 2O2O"},"content":{"rendered":"<div class=\"gb-container gb-container-6937c6a8\"><div class=\"gb-inside-container\">\n<div class=\"gb-grid-wrapper gb-grid-wrapper-539b3b62\">\n<div class=\"gb-grid-column gb-grid-column-4baadada\"><div class=\"gb-container gb-container-4baadada\"><div class=\"gb-inside-container\">\n\n<blockquote class=\"wp-block-quote is-layout-flow wp-block-quote-is-layout-flow\"><p>&#8221;Min son tog sitt liv i april&#8221;<\/p><p>The words cannot be made unread. They are written in black and white in the text of the exhibition &quot;Fragile&quot;, with Stina Siljing and Helena Wikstr\u00f6m, at the Italian Palace in V\u00e4xj\u00f6. It is Stina&#039;s story, and it provides the conditions for an exhibition where fragility is at the center. Honest and without paraphrase. A tightly intertwined installation with death as an unusually tangible fellow passenger\u2026<\/p><cite><a href=\"https:\/\/stinasiljing.com\/en\/om-stina\/recensioner\/\">From Volume 2020-11-04, click here to read the entire review<\/a><\/cite><\/blockquote>\n\n<\/div><\/div><\/div>\n\n<div class=\"gb-grid-column gb-grid-column-8a046e55\"><div class=\"gb-container gb-container-8a046e55\"><div class=\"gb-inside-container\">\n\n<figure class=\"wp-block-image size-large\"><img loading=\"lazy\" decoding=\"async\" width=\"724\" height=\"1024\" src=\"https:\/\/stinasiljing.com\/wp-content\/uploads\/2021\/01\/affisch_Stina_Helena-724x1024.jpg\" alt=\"\" class=\"wp-image-863\" srcset=\"https:\/\/stinasiljing.com\/wp-content\/uploads\/2021\/01\/affisch_Stina_Helena-724x1024.jpg 724w, https:\/\/stinasiljing.com\/wp-content\/uploads\/2021\/01\/affisch_Stina_Helena-212x300.jpg 212w, https:\/\/stinasiljing.com\/wp-content\/uploads\/2021\/01\/affisch_Stina_Helena-768x1086.jpg 768w, https:\/\/stinasiljing.com\/wp-content\/uploads\/2021\/01\/affisch_Stina_Helena-1087x1536.jpg 1087w, https:\/\/stinasiljing.com\/wp-content\/uploads\/2021\/01\/affisch_Stina_Helena.jpg 1240w\" sizes=\"auto, (max-width: 724px) 100vw, 724px\" \/><\/figure>\n\n<\/div><\/div><\/div>\n<\/div>\n<\/div><\/div>\n\n\n<div class=\"wp-block-coblocks-gallery-masonry\"><div class=\"coblocks-gallery has-no-alignment has-caption-style-dark has-gutter has-lightbox\"><ul class=\"has-grid-lrg has-gutter-15 has-gutter-mobile-15\"><li class=\"coblocks-gallery--item\"><figure class=\"coblocks-gallery--figure\"><img loading=\"lazy\" decoding=\"async\" width=\"756\" height=\"1008\" src=\"https:\/\/stinasiljing.com\/wp-content\/uploads\/2021\/01\/LightIV.jpg\" alt=\"\" data-id=\"970\" data-imglink=\"\" data-link=\"https:\/\/stinasiljing.com\/utstallningar\/fragilt\/lightiv\/#main\" class=\"wp-image-970\" srcset=\"https:\/\/stinasiljing.com\/wp-content\/uploads\/2021\/01\/LightIV.jpg 756w, https:\/\/stinasiljing.com\/wp-content\/uploads\/2021\/01\/LightIV-225x300.jpg 225w\" sizes=\"auto, (max-width: 756px) 100vw, 756px\" \/><\/figure><\/li><li class=\"coblocks-gallery--item\"><figure class=\"coblocks-gallery--figure\"><img loading=\"lazy\" decoding=\"async\" width=\"756\" height=\"1008\" src=\"https:\/\/stinasiljing.com\/wp-content\/uploads\/2021\/01\/LightIC.jpg\" alt=\"\" data-id=\"965\" data-imglink=\"\" data-link=\"https:\/\/stinasiljing.com\/utstallningar\/fragilt\/lightic\/#main\" class=\"wp-image-965\" srcset=\"https:\/\/stinasiljing.com\/wp-content\/uploads\/2021\/01\/LightIC.jpg 756w, https:\/\/stinasiljing.com\/wp-content\/uploads\/2021\/01\/LightIC-225x300.jpg 225w\" sizes=\"auto, (max-width: 756px) 100vw, 756px\" \/><\/figure><\/li><li class=\"coblocks-gallery--item\"><figure class=\"coblocks-gallery--figure\"><img loading=\"lazy\" decoding=\"async\" width=\"756\" height=\"1008\" src=\"https:\/\/stinasiljing.com\/wp-content\/uploads\/2021\/01\/LightIM.jpg\" alt=\"\" data-id=\"968\" data-imglink=\"\" data-link=\"https:\/\/stinasiljing.com\/utstallningar\/fragilt\/lightim\/#main\" class=\"wp-image-968\" srcset=\"https:\/\/stinasiljing.com\/wp-content\/uploads\/2021\/01\/LightIM.jpg 756w, https:\/\/stinasiljing.com\/wp-content\/uploads\/2021\/01\/LightIM-225x300.jpg 225w\" sizes=\"auto, (max-width: 756px) 100vw, 756px\" \/><\/figure><\/li><li class=\"coblocks-gallery--item\"><figure class=\"coblocks-gallery--figure\"><img loading=\"lazy\" decoding=\"async\" width=\"697\" height=\"800\" src=\"https:\/\/stinasiljing.com\/wp-content\/uploads\/2021\/01\/Lju-2.jpg\" alt=\"\" data-id=\"908\" data-imglink=\"\" data-link=\"https:\/\/stinasiljing.com\/utstallningar\/fragilt\/lju-2\/#main\" class=\"wp-image-908\" srcset=\"https:\/\/stinasiljing.com\/wp-content\/uploads\/2021\/01\/Lju-2.jpg 697w, https:\/\/stinasiljing.com\/wp-content\/uploads\/2021\/01\/Lju-2-261x300.jpg 261w\" sizes=\"auto, (max-width: 697px) 100vw, 697px\" \/><\/figure><\/li><li class=\"coblocks-gallery--item\"><figure class=\"coblocks-gallery--figure\"><img loading=\"lazy\" decoding=\"async\" width=\"731\" height=\"800\" src=\"https:\/\/stinasiljing.com\/wp-content\/uploads\/2021\/01\/LjuI-3.jpg\" alt=\"\" data-id=\"911\" data-imglink=\"\" data-link=\"https:\/\/stinasiljing.com\/utstallningar\/fragilt\/ljui-3\/#main\" class=\"wp-image-911\" srcset=\"https:\/\/stinasiljing.com\/wp-content\/uploads\/2021\/01\/LjuI-3.jpg 731w, https:\/\/stinasiljing.com\/wp-content\/uploads\/2021\/01\/LjuI-3-274x300.jpg 274w\" sizes=\"auto, (max-width: 731px) 100vw, 731px\" \/><\/figure><\/li><li class=\"coblocks-gallery--item\"><figure class=\"coblocks-gallery--figure\"><img loading=\"lazy\" decoding=\"async\" width=\"741\" height=\"800\" src=\"https:\/\/stinasiljing.com\/wp-content\/uploads\/2021\/01\/Ljus-I-3.jpg\" alt=\"\" data-id=\"913\" data-imglink=\"\" data-link=\"https:\/\/stinasiljing.com\/utstallningar\/fragilt\/ljus-i-3\/#main\" class=\"wp-image-913\" srcset=\"https:\/\/stinasiljing.com\/wp-content\/uploads\/2021\/01\/Ljus-I-3.jpg 741w, https:\/\/stinasiljing.com\/wp-content\/uploads\/2021\/01\/Ljus-I-3-278x300.jpg 278w\" sizes=\"auto, (max-width: 741px) 100vw, 741px\" \/><\/figure><\/li><li class=\"coblocks-gallery--item\"><figure class=\"coblocks-gallery--figure\"><img loading=\"lazy\" decoding=\"async\" width=\"688\" height=\"800\" src=\"https:\/\/stinasiljing.com\/wp-content\/uploads\/2021\/01\/Ljus-III-1.jpg\" alt=\"\" data-id=\"915\" data-imglink=\"\" data-link=\"https:\/\/stinasiljing.com\/utstallningar\/fragilt\/ljus-iii-1\/#main\" class=\"wp-image-915\" srcset=\"https:\/\/stinasiljing.com\/wp-content\/uploads\/2021\/01\/Ljus-III-1.jpg 688w, https:\/\/stinasiljing.com\/wp-content\/uploads\/2021\/01\/Ljus-III-1-258x300.jpg 258w\" sizes=\"auto, (max-width: 688px) 100vw, 688px\" \/><\/figure><\/li><li class=\"coblocks-gallery--item\"><figure class=\"coblocks-gallery--figure\"><img loading=\"lazy\" decoding=\"async\" width=\"795\" height=\"800\" src=\"https:\/\/stinasiljing.com\/wp-content\/uploads\/2021\/01\/Ljus-IV-3.jpg\" alt=\"\" data-id=\"917\" data-imglink=\"\" data-link=\"https:\/\/stinasiljing.com\/utstallningar\/fragilt\/ljus-iv-3\/#main\" class=\"wp-image-917\" srcset=\"https:\/\/stinasiljing.com\/wp-content\/uploads\/2021\/01\/Ljus-IV-3.jpg 795w, https:\/\/stinasiljing.com\/wp-content\/uploads\/2021\/01\/Ljus-IV-3-298x300.jpg 298w, https:\/\/stinasiljing.com\/wp-content\/uploads\/2021\/01\/Ljus-IV-3-150x150.jpg 150w, https:\/\/stinasiljing.com\/wp-content\/uploads\/2021\/01\/Ljus-IV-3-768x773.jpg 768w\" sizes=\"auto, (max-width: 795px) 100vw, 795px\" \/><\/figure><\/li><li class=\"coblocks-gallery--item\"><figure class=\"coblocks-gallery--figure\"><img loading=\"lazy\" decoding=\"async\" width=\"678\" height=\"800\" src=\"https:\/\/stinasiljing.com\/wp-content\/uploads\/2021\/01\/Ljus-3.jpg\" alt=\"\" data-id=\"919\" data-imglink=\"\" data-link=\"https:\/\/stinasiljing.com\/utstallningar\/fragilt\/ljus-3\/#main\" class=\"wp-image-919\" srcset=\"https:\/\/stinasiljing.com\/wp-content\/uploads\/2021\/01\/Ljus-3.jpg 678w, https:\/\/stinasiljing.com\/wp-content\/uploads\/2021\/01\/Ljus-3-254x300.jpg 254w\" sizes=\"auto, (max-width: 678px) 100vw, 678px\" \/><\/figure><\/li><li class=\"coblocks-gallery--item\"><figure class=\"coblocks-gallery--figure\"><img loading=\"lazy\" decoding=\"async\" width=\"735\" height=\"800\" src=\"https:\/\/stinasiljing.com\/wp-content\/uploads\/2021\/01\/Ljusare-3.jpg\" alt=\"\" data-id=\"923\" data-imglink=\"\" data-link=\"https:\/\/stinasiljing.com\/utstallningar\/fragilt\/ljusare-3\/#main\" class=\"wp-image-923\" srcset=\"https:\/\/stinasiljing.com\/wp-content\/uploads\/2021\/01\/Ljusare-3.jpg 735w, https:\/\/stinasiljing.com\/wp-content\/uploads\/2021\/01\/Ljusare-3-276x300.jpg 276w\" sizes=\"auto, (max-width: 735px) 100vw, 735px\" \/><\/figure><\/li><li class=\"coblocks-gallery--item\"><figure class=\"coblocks-gallery--figure\"><img loading=\"lazy\" decoding=\"async\" width=\"732\" height=\"800\" src=\"https:\/\/stinasiljing.com\/wp-content\/uploads\/2021\/01\/LjusareI-3.jpg\" alt=\"\" data-id=\"925\" data-imglink=\"\" data-link=\"https:\/\/stinasiljing.com\/utstallningar\/fragilt\/ljusarei-3\/#main\" class=\"wp-image-925\" srcset=\"https:\/\/stinasiljing.com\/wp-content\/uploads\/2021\/01\/LjusareI-3.jpg 732w, https:\/\/stinasiljing.com\/wp-content\/uploads\/2021\/01\/LjusareI-3-275x300.jpg 275w\" sizes=\"auto, (max-width: 732px) 100vw, 732px\" \/><\/figure><\/li><li class=\"coblocks-gallery--item\"><figure class=\"coblocks-gallery--figure\"><img loading=\"lazy\" decoding=\"async\" width=\"710\" height=\"800\" src=\"https:\/\/stinasiljing.com\/wp-content\/uploads\/2021\/01\/LjusareII-3.jpg\" alt=\"\" data-id=\"927\" data-imglink=\"\" data-link=\"https:\/\/stinasiljing.com\/utstallningar\/fragilt\/ljusareii-3\/#main\" class=\"wp-image-927\" srcset=\"https:\/\/stinasiljing.com\/wp-content\/uploads\/2021\/01\/LjusareII-3.jpg 710w, https:\/\/stinasiljing.com\/wp-content\/uploads\/2021\/01\/LjusareII-3-266x300.jpg 266w\" sizes=\"auto, (max-width: 710px) 100vw, 710px\" \/><\/figure><\/li><li class=\"coblocks-gallery--item\"><figure class=\"coblocks-gallery--figure\"><img loading=\"lazy\" decoding=\"async\" width=\"714\" height=\"800\" src=\"https:\/\/stinasiljing.com\/wp-content\/uploads\/2021\/01\/LjusareIII-3.jpg\" alt=\"\" data-id=\"929\" data-imglink=\"\" data-link=\"https:\/\/stinasiljing.com\/utstallningar\/fragilt\/ljusareiii-3\/#main\" class=\"wp-image-929\" srcset=\"https:\/\/stinasiljing.com\/wp-content\/uploads\/2021\/01\/LjusareIII-3.jpg 714w, https:\/\/stinasiljing.com\/wp-content\/uploads\/2021\/01\/LjusareIII-3-268x300.jpg 268w\" sizes=\"auto, (max-width: 714px) 100vw, 714px\" \/><\/figure><\/li><li class=\"coblocks-gallery--item\"><figure class=\"coblocks-gallery--figure\"><img loading=\"lazy\" decoding=\"async\" width=\"662\" height=\"800\" src=\"https:\/\/stinasiljing.com\/wp-content\/uploads\/2021\/01\/LjusareIV-3.jpg\" alt=\"\" data-id=\"931\" data-imglink=\"\" data-link=\"https:\/\/stinasiljing.com\/utstallningar\/fragilt\/ljusareiv-3\/#main\" class=\"wp-image-931\" srcset=\"https:\/\/stinasiljing.com\/wp-content\/uploads\/2021\/01\/LjusareIV-3.jpg 662w, https:\/\/stinasiljing.com\/wp-content\/uploads\/2021\/01\/LjusareIV-3-248x300.jpg 248w\" sizes=\"auto, (max-width: 662px) 100vw, 662px\" \/><\/figure><\/li><li class=\"coblocks-gallery--item\"><figure class=\"coblocks-gallery--figure\"><img loading=\"lazy\" decoding=\"async\" width=\"749\" height=\"800\" src=\"https:\/\/stinasiljing.com\/wp-content\/uploads\/2021\/01\/LjusareVI-3.jpg\" alt=\"\" data-id=\"933\" data-imglink=\"\" data-link=\"https:\/\/stinasiljing.com\/utstallningar\/fragilt\/ljusarevi-3\/#main\" class=\"wp-image-933\" srcset=\"https:\/\/stinasiljing.com\/wp-content\/uploads\/2021\/01\/LjusareVI-3.jpg 749w, https:\/\/stinasiljing.com\/wp-content\/uploads\/2021\/01\/LjusareVI-3-281x300.jpg 281w\" sizes=\"auto, (max-width: 749px) 100vw, 749px\" \/><\/figure><\/li><li class=\"coblocks-gallery--item\"><figure class=\"coblocks-gallery--figure\"><img loading=\"lazy\" decoding=\"async\" width=\"681\" height=\"800\" src=\"https:\/\/stinasiljing.com\/wp-content\/uploads\/2021\/01\/Ljusi-1.jpg\" alt=\"\" data-id=\"935\" data-imglink=\"\" data-link=\"https:\/\/stinasiljing.com\/utstallningar\/fragilt\/ljusi-1\/#main\" class=\"wp-image-935\" srcset=\"https:\/\/stinasiljing.com\/wp-content\/uploads\/2021\/01\/Ljusi-1.jpg 681w, https:\/\/stinasiljing.com\/wp-content\/uploads\/2021\/01\/Ljusi-1-255x300.jpg 255w\" sizes=\"auto, (max-width: 681px) 100vw, 681px\" \/><\/figure><\/li><li class=\"coblocks-gallery--item\"><figure class=\"coblocks-gallery--figure\"><img loading=\"lazy\" decoding=\"async\" width=\"710\" height=\"800\" src=\"https:\/\/stinasiljing.com\/wp-content\/uploads\/2021\/01\/LjusII-3.jpg\" alt=\"\" data-id=\"937\" data-imglink=\"\" data-link=\"https:\/\/stinasiljing.com\/utstallningar\/fragilt\/ljusii-3\/#main\" class=\"wp-image-937\" srcset=\"https:\/\/stinasiljing.com\/wp-content\/uploads\/2021\/01\/LjusII-3.jpg 710w, https:\/\/stinasiljing.com\/wp-content\/uploads\/2021\/01\/LjusII-3-266x300.jpg 266w\" sizes=\"auto, (max-width: 710px) 100vw, 710px\" \/><\/figure><\/li><li class=\"coblocks-gallery--item\"><figure class=\"coblocks-gallery--figure\"><img loading=\"lazy\" decoding=\"async\" width=\"795\" height=\"800\" src=\"https:\/\/stinasiljing.com\/wp-content\/uploads\/2021\/01\/LjusVI-3.jpg\" alt=\"\" data-id=\"939\" data-imglink=\"\" data-link=\"https:\/\/stinasiljing.com\/utstallningar\/fragilt\/ljusvi-3\/#main\" class=\"wp-image-939\" srcset=\"https:\/\/stinasiljing.com\/wp-content\/uploads\/2021\/01\/LjusVI-3.jpg 795w, https:\/\/stinasiljing.com\/wp-content\/uploads\/2021\/01\/LjusVI-3-298x300.jpg 298w, https:\/\/stinasiljing.com\/wp-content\/uploads\/2021\/01\/LjusVI-3-150x150.jpg 150w, https:\/\/stinasiljing.com\/wp-content\/uploads\/2021\/01\/LjusVI-3-768x773.jpg 768w\" sizes=\"auto, (max-width: 795px) 100vw, 795px\" \/><\/figure><\/li><li class=\"coblocks-gallery--item\"><figure class=\"coblocks-gallery--figure\"><img loading=\"lazy\" decoding=\"async\" width=\"714\" height=\"706\" src=\"https:\/\/stinasiljing.com\/wp-content\/uploads\/2021\/01\/LightW.jpg\" alt=\"\" data-id=\"973\" data-imglink=\"\" data-link=\"https:\/\/stinasiljing.com\/utstallningar\/fragilt\/lightw\/#main\" class=\"wp-image-973\" srcset=\"https:\/\/stinasiljing.com\/wp-content\/uploads\/2021\/01\/LightW.jpg 714w, https:\/\/stinasiljing.com\/wp-content\/uploads\/2021\/01\/LightW-300x297.jpg 300w\" sizes=\"auto, (max-width: 714px) 100vw, 714px\" \/><\/figure><\/li><li class=\"coblocks-gallery--item\"><figure class=\"coblocks-gallery--figure\"><img loading=\"lazy\" decoding=\"async\" width=\"720\" height=\"711\" src=\"https:\/\/stinasiljing.com\/wp-content\/uploads\/2021\/01\/LightS.jpg\" alt=\"\" data-id=\"971\" data-imglink=\"\" data-link=\"https:\/\/stinasiljing.com\/utstallningar\/fragilt\/lights\/#main\" class=\"wp-image-971\" srcset=\"https:\/\/stinasiljing.com\/wp-content\/uploads\/2021\/01\/LightS.jpg 720w, https:\/\/stinasiljing.com\/wp-content\/uploads\/2021\/01\/LightS-300x296.jpg 300w\" sizes=\"auto, (max-width: 720px) 100vw, 720px\" \/><\/figure><\/li><li class=\"coblocks-gallery--item\"><figure class=\"coblocks-gallery--figure\"><img loading=\"lazy\" decoding=\"async\" width=\"727\" height=\"813\" src=\"https:\/\/stinasiljing.com\/wp-content\/uploads\/2021\/01\/LightII.jpg\" alt=\"\" data-id=\"966\" data-imglink=\"\" data-link=\"https:\/\/stinasiljing.com\/utstallningar\/fragilt\/lightii\/#main\" class=\"wp-image-966\" srcset=\"https:\/\/stinasiljing.com\/wp-content\/uploads\/2021\/01\/LightII.jpg 727w, https:\/\/stinasiljing.com\/wp-content\/uploads\/2021\/01\/LightII-268x300.jpg 268w\" sizes=\"auto, (max-width: 727px) 100vw, 727px\" \/><\/figure><\/li><li class=\"coblocks-gallery--item\"><figure class=\"coblocks-gallery--figure\"><img loading=\"lazy\" decoding=\"async\" width=\"732\" height=\"767\" src=\"https:\/\/stinasiljing.com\/wp-content\/uploads\/2021\/01\/LightI.jpg\" alt=\"\" data-id=\"964\" data-imglink=\"\" data-link=\"https:\/\/stinasiljing.com\/utstallningar\/fragilt\/lighti\/#main\" class=\"wp-image-964\" srcset=\"https:\/\/stinasiljing.com\/wp-content\/uploads\/2021\/01\/LightI.jpg 732w, https:\/\/stinasiljing.com\/wp-content\/uploads\/2021\/01\/LightI-286x300.jpg 286w\" sizes=\"auto, (max-width: 732px) 100vw, 732px\" \/><\/figure><\/li><li class=\"coblocks-gallery--item\"><figure class=\"coblocks-gallery--figure\"><img loading=\"lazy\" decoding=\"async\" width=\"707\" height=\"669\" src=\"https:\/\/stinasiljing.com\/wp-content\/uploads\/2021\/01\/LightA.jpg\" alt=\"\" data-id=\"963\" data-imglink=\"\" data-link=\"https:\/\/stinasiljing.com\/utstallningar\/fragilt\/lighta\/#main\" class=\"wp-image-963\" srcset=\"https:\/\/stinasiljing.com\/wp-content\/uploads\/2021\/01\/LightA.jpg 707w, https:\/\/stinasiljing.com\/wp-content\/uploads\/2021\/01\/LightA-300x284.jpg 300w\" sizes=\"auto, (max-width: 707px) 100vw, 707px\" \/><\/figure><\/li><li class=\"coblocks-gallery--item\"><figure class=\"coblocks-gallery--figure\"><img loading=\"lazy\" decoding=\"async\" width=\"739\" height=\"779\" src=\"https:\/\/stinasiljing.com\/wp-content\/uploads\/2021\/01\/Light.jpg\" alt=\"\" data-id=\"962\" data-imglink=\"\" data-link=\"https:\/\/stinasiljing.com\/utstallningar\/fragilt\/light\/#main\" class=\"wp-image-962\" srcset=\"https:\/\/stinasiljing.com\/wp-content\/uploads\/2021\/01\/Light.jpg 739w, https:\/\/stinasiljing.com\/wp-content\/uploads\/2021\/01\/Light-285x300.jpg 285w\" sizes=\"auto, (max-width: 739px) 100vw, 739px\" \/><\/figure><\/li><\/ul><\/div><\/div>\n\n\n\n<figure class=\"wp-block-embed is-type-video is-provider-youtube wp-block-embed-youtube wp-embed-aspect-16-9 wp-has-aspect-ratio\"><div class=\"wp-block-embed__wrapper\">\n<iframe loading=\"lazy\" title=\"November 13, 2020\" width=\"1200\" height=\"675\" src=\"https:\/\/www.youtube.com\/embed\/ibITcMqFIo0?feature=oembed\" frameborder=\"0\" allow=\"accelerometer; autoplay; clipboard-write; encrypted-media; gyroscope; picture-in-picture\" allowfullscreen><\/iframe>\n<\/div><\/figure>\n\n\n\n<hr class=\"wp-block-separator\"\/>","protected":false},"excerpt":{"rendered":"","protected":false},"author":2,"featured_media":0,"parent":135,"menu_order":0,"comment_status":"closed","ping_status":"closed","template":"","meta":{"_coblocks_attr":"","_coblocks_dimensions":"","_coblocks_responsive_height":"","_coblocks_accordion_ie_support":"","footnotes":""},"class_list":{"0":"post-820","1":"page","2":"type-page","3":"status-publish","5":"no-featured-image-padding"},"jetpack_sharing_enabled":true,"_links":{"self":[{"href":"https:\/\/stinasiljing.com\/en\/wp-json\/wp\/v2\/pages\/820","targetHints":{"allow":["GET"]}}],"collection":[{"href":"https:\/\/stinasiljing.com\/en\/wp-json\/wp\/v2\/pages"}],"about":[{"href":"https:\/\/stinasiljing.com\/en\/wp-json\/wp\/v2\/types\/page"}],"author":[{"embeddable":true,"href":"https:\/\/stinasiljing.com\/en\/wp-json\/wp\/v2\/users\/2"}],"replies":[{"embeddable":true,"href":"https:\/\/stinasiljing.com\/en\/wp-json\/wp\/v2\/comments?post=820"}],"version-history":[{"count":27,"href":"https:\/\/stinasiljing.com\/en\/wp-json\/wp\/v2\/pages\/820\/revisions"}],"predecessor-version":[{"id":975,"href":"https:\/\/stinasiljing.com\/en\/wp-json\/wp\/v2\/pages\/820\/revisions\/975"}],"up":[{"embeddable":true,"href":"https:\/\/stinasiljing.com\/en\/wp-json\/wp\/v2\/pages\/135"}],"wp:attachment":[{"href":"https:\/\/stinasiljing.com\/en\/wp-json\/wp\/v2\/media?parent=820"}],"curies":[{"name":"wp","href":"https:\/\/api.w.org\/{rel}","templated":true}]}}