{"id":298,"date":"2020-05-12T11:52:26","date_gmt":"2020-05-12T11:52:26","guid":{"rendered":"https:\/\/stinasiljing.com\/?page_id=298"},"modified":"2026-03-24T16:42:24","modified_gmt":"2026-03-24T16:42:24","slug":"cv","status":"publish","type":"page","link":"https:\/\/stinasiljing.com\/en\/om-stina\/cv\/","title":{"rendered":"Resume"},"content":{"rendered":"<h2 class=\"wp-block-heading\">Education<\/h2>\n\n\n\n<figure class=\"wp-block-table\"><table><tbody><tr><td>Nordic Art School in Karleby, Finland<\/td><td>87-89<\/td><\/tr><tr><td>Forum Art School, Malm\u00f6, Sweden&nbsp;<\/td><td>85-87<\/td><\/tr><tr><td>Scanian Art School, Malm\u00f6, Sweden<\/td><td>83-84<\/td><\/tr><\/tbody><\/table><\/figure>\n\n\n\n<h2 class=\"wp-block-heading\">Separatutst\u00e4llningar<\/h2>\n\n\n\n<figure class=\"wp-block-table\"><table><tbody><tr><td>N\u00e4ssj\u00f6 Konsthall<\/td><td>-27<\/td><\/tr><tr><td>Karlshamn Art Gallery<\/td><td>-26<\/td><\/tr><tr><td>Galleri Eldhunden, Stockholm<\/td><td>-24<\/td><\/tr><tr><td>Bergdala Konstgalleri, Bergdala<\/td><td>-23<\/td><\/tr><tr><td><meta charset=\"utf-8\">H\u00e4rke Art Center, \u00d6stersund<\/td><td>-21<\/td><\/tr><tr><td>Theater Gallery, Kalmar<\/td><td>-21<\/td><\/tr><tr><td>Italian Palace, V\u00e4xj\u00f6<\/td><td>-20<\/td><\/tr><tr><td>Gallery Moment, \u00c4ngelholm<\/td><td>-20<\/td><\/tr><tr><td>Rotunda, Kalmar<\/td><td>-19<\/td><\/tr><tr><td>City Hall Gallery in Laholm<\/td><td>-18<\/td><\/tr><tr><td>Karlshamn Art Gallery<\/td><td>-17<\/td><\/tr><tr><td>Gallery Monica Strandberg, Kalmar<\/td><td>-17<\/td><\/tr><tr><td>Borgholm Castle<\/td><td>-15<\/td><\/tr><tr><td>Klippan&#039;s art gallery, Klippan<\/td><td>-15<\/td><\/tr><tr><td>S\u00f6lvesborg art gallery, S\u00f6lvesborg<\/td><td>-14<\/td><\/tr><tr><td>Vandalorum, Sm\u00e5land&#039;s art archive, V\u00e4rnamo<\/td><td>-13<\/td><\/tr><tr><td>Theater Gallery, Kalmar<\/td><td>-03, -11<\/td><\/tr><tr><td>Gallery Sigma, V\u00e4xj\u00f6<\/td><td>-03, -10<\/td><\/tr><tr><td>Falsterbo Art Gallery<\/td><td>-07<\/td><\/tr><tr><td>Gallery Storgatan 31, V\u00e4stervik<\/td><td>-06<\/td><\/tr><tr><td>Kalmar Art Museum<\/td><td>-05<\/td><\/tr><tr><td>Karlshamns Art Gallery<\/td><td>-05<\/td><\/tr><tr><td>Oskarshamn Art Gallery<\/td><td>-05<\/td><\/tr><tr><td>Gallery Sigma, V\u00e4xj\u00f6<\/td><td>-03<\/td><\/tr><\/tbody><\/table><\/figure>\n\n\n\n<h2 class=\"wp-block-heading\">Group exhibitions<\/h2>\n\n\n\n<figure class=\"wp-block-table\"><table><tbody><tr><td>Sven-Harrys Konstmuseum Familjen &#8211; p\u00e5 gott och ont<\/td><td>-26<\/td><\/tr><tr><td>Ronneby Konsthall, Skulpt\u00f6rf\u00f6rbundet<\/td><td>-25<\/td><\/tr><tr><td>Liljevalchs v\u00e5rsalong<\/td><td>-25<\/td><\/tr><tr><td>Konstn\u00e4rshusets Showroom och &#8221;Dina V\u00e4nner och Bekanta&#8221;<\/td><td>-24<\/td><\/tr><tr><td>Surprise Laboratory International, Gr\u00f6nh\u00f6gen \u00d6land.<\/td><td>-23<\/td><\/tr><tr><td>Modern Museum Malm\u00f6, &quot;Twilightland&quot;<\/td><td>-22-23<\/td><\/tr><tr><td>Museum of Modern art, Stockholm. Insights\/acquisitions <meta charset=\"utf-8\">&quot;Insight<meta charset=\"utf-8\">&quot;<\/td><td>-22<\/td><\/tr><tr><td>Galleri Eldhunden, Stockholm SKF<\/td><td>-21<\/td><\/tr><tr><td>Vandalorum, V\u00e4rnamo \u201dUnder current circumstances\u201d<\/td><td>-20<\/td><\/tr><\/tbody><\/table><\/figure>\n\n\n\n<h2 class=\"wp-block-heading\">Comissions<\/h2>\n\n\n\n<figure class=\"wp-block-table\"><table><tbody><tr><td>Multihallen i Ljungby<\/td><td>-25<\/td><\/tr><tr><td>Holm\u00e4ngenskolan&nbsp;i V\u00e4nersborg<\/td><td>-25<\/td><\/tr><tr><td>Vaggeryds kyrka<\/td><td>-24<\/td><\/tr><tr><td>Vikstaskolan in Kil<\/td><td>-22<\/td><\/tr><tr><td>Esplanadens residential area, Tanums municipality<\/td><td>-21-22<\/td><\/tr><tr><td>Berga Health Centre, Kalmar<\/td><td>-19<\/td><\/tr><tr><td>Wedding hall, Kalmar<\/td><td>-19<\/td><\/tr><tr><td>Djur\u00e4ngens school, Kalmar municipality<\/td><td>-17-19<\/td><\/tr><tr><td>\u00d6stralycke senior residence, Karlshamns municipality<\/td><td>-18<\/td><\/tr><tr><td>Veinge School, Laholms municipality<\/td><td>-17<\/td><\/tr><tr><td>Vaggeryds municipality, short-term accommodation<\/td><td>-14<\/td><\/tr><tr><td>V\u00e4sterviks hospital, emergency admission<\/td><td>-12<\/td><\/tr><tr><td>NCC J\u00f6nk\u00f6ping, residential building<\/td><td>-11<\/td><\/tr><tr><td>Skogslekens preschool in V\u00e4xj\u00f6 municipality<\/td><td>-10<\/td><\/tr><tr><td>Ljungbyholm School, Kalmar municipality<\/td><td>-09<\/td><\/tr><tr><td>R\u00f6dsle School, Oskarshamn municipality<\/td><td>-06<\/td><\/tr><\/tbody><\/table><\/figure>\n\n\n\n<h2 class=\"wp-block-heading\">Sketch assignment<\/h2>\n\n\n\n<figure class=\"wp-block-table\"><table><tbody><tr><td>Sketch assignment for Karlskrona Municipality<\/td><td>-23<\/td><\/tr><tr><td>Sketch assignment for Kalmar Municipality, S\u00f6dra Staden<\/td><td>-20<\/td><\/tr><tr><td>Sketch assignment for Sundsvall municipality<\/td><td>-18<\/td><\/tr><tr><td>Sketch assignment for Uddevalla<\/td><td>-18<\/td><\/tr><tr><td>Sketch assignment for \u00d6rebro&#039;s new hospital<\/td><td>-16<\/td><\/tr><tr><td>Sketch assignment Kung\u00e4lv hospital<\/td><td>-16<\/td><\/tr><\/tbody><\/table><\/figure>\n\n\n\n<h2 class=\"wp-block-heading\">Stipendier och residens<\/h2>\n\n\n\n<figure class=\"wp-block-table\"><table><tbody><tr><td>Kalmar Kommuns Kulturstipendium<\/td><td>-25<\/td><\/tr><tr><td>Peggy Nermans Konstn\u00e4rsstipendium, SKF<\/td><td>-25<\/td><\/tr><tr><td>Konstn\u00e4rsn\u00e4mndens resestipendium<\/td><td>-25<\/td><\/tr><tr><td>2 m\u00e5naders atelj\u00e9stipendium i Paris, KRO<\/td><td>-25<\/td><\/tr><tr><td>Two year working grant, The Swedish Arts Grants Comittee<\/td><td>-23<\/td><\/tr><tr><td>Hilda och Richard Wollerts memorial fund, SKF<\/td><td>-22<\/td><\/tr><tr><td>Helge Ax:son Johnsons foundation, travel grant<\/td><td>-22<\/td><\/tr><tr><td>San Michele Foundation, Capri. Guest accommodation<\/td><td>-22<\/td><\/tr><tr><td>Covidgrant 3, The Swedish Arts Grants Comittee<\/td><td>-22<\/td><\/tr><tr><td>Covidgrant 2 The Swedish Arts Grants Comittee<\/td><td>-21<\/td><\/tr><tr><td>Covidgrant 2 The Swedish Arts Grants Comittee<\/td><td>-20<\/td><\/tr><tr><td>One year working grant, The Swedish Arts Grants Comittee<\/td><td>-19<\/td><\/tr><tr><td>Kalmar municipality, culture grant<\/td><td>-06, -08<\/td><\/tr><tr><td>Royal Academy of Art, studiogrant in Grez-sur-Loing , France<\/td><td>-06<\/td><\/tr><tr><td>County council in Kalmar<\/td><td>-04<\/td><\/tr><tr><td>Cultural Grants Foundation for Sweden and Finland<\/td><td><\/td><\/tr><tr><td>Malm\u00f6 Konststudio<\/td><td><\/td><\/tr><\/tbody><\/table><\/figure>\n\n\n\n<h2 class=\"wp-block-heading\">Art consultant<\/h2>\n\n\n\n<figure class=\"wp-block-table\"><table><tbody><tr><td>Oskarshamns Kommun<\/td><td>-26-27<\/td><\/tr><tr><td>Region J\u00f6nk\u00f6pings L\u00e4n Mullsj\u00f6 V\u00e5rdcentral<\/td><td>-25-28<\/td><\/tr><tr><td>Fredrikskans&nbsp;Kalmar Kommun<\/td><td>-25-<\/td><\/tr><tr><td>School of Hagavik, V\u00e4xj\u00f6<\/td><td>-21-24<\/td><\/tr><tr><td>Region Kronobergs County council, art consultant<\/td><td>-21-<\/td><\/tr><tr><td>Art consultant for V\u00e4xj\u00f6 municipality and station building<\/td><td>-18-21<\/td><\/tr><tr><td>Art consultant for V\u00e4xj\u00f6 municipality<\/td><td>-17-<\/td><\/tr><tr><td>Art consultant for the municipality of V\u00e4stervik &quot;Conceptual history&quot;<\/td><td>-16-17<\/td><\/tr><tr><td>Art consultant for &quot;Guide Gislaved&quot;<\/td><td>-12-14<\/td><\/tr><tr><td>The work &quot;Starfall&quot; by Ebba Bohlin<\/td><td>-14<\/td><\/tr><tr><td>Art consultant for &quot;Art on the road&quot; along the E4 between Vaggeryd and J\u00f6nk\u00f6ping<\/td><td><\/td><\/tr><tr><td>Various art consultancy assignments for Konstn\u00e4rscentrum-syd<\/td><td>-12-<\/td><\/tr><tr><td>Artistic project manager, Ljungbyholm school. Kalmar<\/td><td>-09<\/td><\/tr><\/tbody><\/table><\/figure>\n\n\n\n<h2 class=\"wp-block-heading\">Represented<\/h2>\n\n\n\n<p>Moderna museet, Statens konstr\u00e5d, Stockholm Konst, Region Gotlands L\u00e4n, Region Kronoberg, Region J\u00e4mtland H\u00e4rjedalen, \u00d6stersunds kommun, Kalmar kommun,\u00a0 Oskarshamns kommun, Karlshamns kommun, Malm\u00f6 Landsting, Kalmar Landsting,\u00a0Lunds Landsting, M\u00f6rbyl\u00e5nga kommun, Sm\u00e5lands konstarkiv, \u00c4ngelholms kommun mfl.<\/p>","protected":false},"excerpt":{"rendered":"<p>Utbildning Nordiska Konstskolan i Karleby, Finland 87-89 Forum, f\u00f6rberedande, Malm\u00f6&nbsp; 85-87 Sk\u00e5nska m\u00e5larskolan, Malm\u00f6 83-84 Separatutst\u00e4llningar N\u00e4ssj\u00f6 Konsthall -27 Karlshamns konsthall -26 Galleri Eldhunden, Stockholm -24 Bergdala konstgalleri, Hovmantorp -23 Ahlbergshallen, \u00d6stersund -21 Teatergalleriet, Kalmar -21 Italienska Palatset, V\u00e4xj\u00f6 -20 Galleri Moment, \u00c4ngelholm -20 Rotundan, Kalmar -19 Stadshusgalleriet i Laholm -18 Karlshamns konsthall -17 Galleri &#8230; <\/p>\n<p class=\"read-more-container\"><a title=\"Resume\" class=\"read-more button\" href=\"https:\/\/stinasiljing.com\/en\/om-stina\/cv\/#more-298\" aria-label=\"Read more about CV\">Read more<\/a><\/p>","protected":false},"author":1,"featured_media":0,"parent":295,"menu_order":0,"comment_status":"closed","ping_status":"closed","template":"","meta":{"_coblocks_attr":"","_coblocks_dimensions":"","_coblocks_responsive_height":"","_coblocks_accordion_ie_support":"","footnotes":""},"class_list":{"0":"post-298","1":"page","2":"type-page","3":"status-publish","5":"no-featured-image-padding"},"jetpack_sharing_enabled":true,"_links":{"self":[{"href":"https:\/\/stinasiljing.com\/en\/wp-json\/wp\/v2\/pages\/298","targetHints":{"allow":["GET"]}}],"collection":[{"href":"https:\/\/stinasiljing.com\/en\/wp-json\/wp\/v2\/pages"}],"about":[{"href":"https:\/\/stinasiljing.com\/en\/wp-json\/wp\/v2\/types\/page"}],"author":[{"embeddable":true,"href":"https:\/\/stinasiljing.com\/en\/wp-json\/wp\/v2\/users\/1"}],"replies":[{"embeddable":true,"href":"https:\/\/stinasiljing.com\/en\/wp-json\/wp\/v2\/comments?post=298"}],"version-history":[{"count":61,"href":"https:\/\/stinasiljing.com\/en\/wp-json\/wp\/v2\/pages\/298\/revisions"}],"predecessor-version":[{"id":1758,"href":"https:\/\/stinasiljing.com\/en\/wp-json\/wp\/v2\/pages\/298\/revisions\/1758"}],"up":[{"embeddable":true,"href":"https:\/\/stinasiljing.com\/en\/wp-json\/wp\/v2\/pages\/295"}],"wp:attachment":[{"href":"https:\/\/stinasiljing.com\/en\/wp-json\/wp\/v2\/media?parent=298"}],"curies":[{"name":"wp","href":"https:\/\/api.w.org\/{rel}","templated":true}]}}