{"id":1279,"date":"2023-03-14T16:31:30","date_gmt":"2023-03-14T16:31:30","guid":{"rendered":"https:\/\/stinasiljing.com\/?page_id=1279"},"modified":"2025-10-15T09:57:41","modified_gmt":"2025-10-15T09:57:41","slug":"artist-statement","status":"publish","type":"page","link":"https:\/\/stinasiljing.com\/en\/artist-statement\/","title":{"rendered":"Artist Statement"},"content":{"rendered":"<p style=\"font-size:27px\">You get used to it<\/p>\n\n\n\n<p>Eller g\u00f6r man?<\/p>\n\n\n\n<p>Sj\u00e4lvmord, psykisk oh\u00e4lsa och d\u00f6den \u00e4r tabun men de blev medresen\u00e4rer i mitt liv.<\/p>\n\n\n\n<p>Tankar om hur m\u00e4nniskor och tr\u00e4d vid en f\u00f6rsta anblick kan se friska ut. P\u00e5 insidan p\u00e5g\u00e5r<br>en helt annan process. En f\u00f6rgiftad milj\u00f6 f\u00f6r b\u00e5de m\u00e4nniskan, djuren och v\u00e4xter leder till<br>l\u00e5ngsam stagnation och utpl\u00e5ning.<\/p>\n\n\n\n<p style=\"padding-left: 30px;\"><em>delar av tr\u00e4d kantar min v\u00e4g<\/em><\/p>\n\n\n\n<p>L\u00e4ngs v\u00e4ggarna i atelj\u00e9n st\u00e5r de, somliga stumma \u00e4nnu. Andra direkt och omedelbart<br>p\u00e5tr\u00e4ngande. Jag omformar, tar bort, l\u00e4gger till &#8211; eld, silver, nyanser av f\u00e4rg.<\/p>\n\n\n\n<p>Det \u00e4r som ett samarbete d\u00e4r det efter en tid blir tydligt vad som ska g\u00f6ras, som att de ta-<br>lar till mig. Processen kan g\u00e5 snabbt men \u00e4ven ta l\u00e5ng tid. Det beh\u00f6vs t\u00e5lamod och mod att lyssna.<\/p>\n\n\n\n<p>Syra fr\u00e4ter och etsar kopparpl\u00e5ten. En himlakropp kommer framf\u00f6r en annan och blocke-<br>rar ljuset fr\u00e5n att komma fram.<\/p>\n\n\n\n<p>Mental oh\u00e4lsa hindrar livsgnistan och f\u00f6rm\u00f6rkar tillvaron f\u00f6r b\u00e5de den som \u00e4r drabbad<br>men \u00e4ven f\u00f6r omgivningen.<br>En \u00f6nskan om att inte vilja leva blir till ett reellt alternativ.<br>Att inte hitta sin v\u00e4g bland alla alternativa v\u00e4gar, men \u00e4nd\u00e5 tvingas att v\u00e4lja.<\/p>\n\n\n\n<p style=\"padding-left:30px;\"><em>kampen att anpassa sig, att passa in<\/em><\/p>\n\n\n\n<p>Min son Henrik tog sitt liv vid 27 \u00e5rs \u00e5lder.<\/p>\n\n\n\n<p>Hur \u00f6verleva &#8211; det v\u00e4rsta. Inf\u00f6r varje dag &#8211; ha en mening med att stiga upp p\u00e5 morgonen<br>f\u00f6r att l\u00f6sa utmaningar jag sj\u00e4lv skapar av f\u00f6r mig obekanta material. Det blir inte perfekt,<br>det blir som det vill.<br>Glas, betong, tr\u00e4, broderi, gravyr, stenhuggning &#8211; en dag f\u00f6ljer an annan.<\/p>\n\n\n\n<p>Det handlar om gr\u00e4nsl\u00f6s k\u00e4rlek och bottenl\u00f6s sorg. Det privata blir allm\u00e4ngiltigt. En kat-<br>harsis, ett frig\u00f6rande och renande av de k\u00e4nslor som verken ger upphov till. D\u00f6den som<\/p>\n\n\n\n<p>transition ist\u00e4llet f\u00f6r ett slut. Till ett nytt liv eller tillbaka till naturens livgivande kretslopp<br>med ambition om att n\u00e5 acceptans.<\/p>\n\n\n\n<p style=\"padding-left:30px;\"><em>tr\u00e5den, cirkeln och tr\u00e4dets \u00e5rsringar<\/em><\/p>\n\n\n\n<p>A few steps back. Then further forward. Because you have to, because you can.<\/p>","protected":false},"excerpt":{"rendered":"<p>Man v\u00e4njer sig Eller g\u00f6r man? Sj\u00e4lvmord, psykisk oh\u00e4lsa och d\u00f6den \u00e4r tabun men de blev medresen\u00e4rer i mitt liv. Tankar om hur m\u00e4nniskor och tr\u00e4d vid en f\u00f6rsta anblick kan se friska ut. P\u00e5 insidan p\u00e5g\u00e5ren helt annan process. En f\u00f6rgiftad milj\u00f6 f\u00f6r b\u00e5de m\u00e4nniskan, djuren och v\u00e4xter leder tilll\u00e5ngsam stagnation och utpl\u00e5ning. delar &#8230; <\/p>\n<p class=\"read-more-container\"><a title=\"Artist Statement\" class=\"read-more button\" href=\"https:\/\/stinasiljing.com\/en\/artist-statement\/#more-1279\" aria-label=\"Read more about Artist Statement\">Read more<\/a><\/p>","protected":false},"author":1,"featured_media":0,"parent":0,"menu_order":0,"comment_status":"closed","ping_status":"closed","template":"","meta":{"_coblocks_attr":"","_coblocks_dimensions":"","_coblocks_responsive_height":"","_coblocks_accordion_ie_support":"","footnotes":""},"class_list":{"0":"post-1279","1":"page","2":"type-page","3":"status-publish","5":"no-featured-image-padding"},"jetpack_sharing_enabled":true,"_links":{"self":[{"href":"https:\/\/stinasiljing.com\/en\/wp-json\/wp\/v2\/pages\/1279","targetHints":{"allow":["GET"]}}],"collection":[{"href":"https:\/\/stinasiljing.com\/en\/wp-json\/wp\/v2\/pages"}],"about":[{"href":"https:\/\/stinasiljing.com\/en\/wp-json\/wp\/v2\/types\/page"}],"author":[{"embeddable":true,"href":"https:\/\/stinasiljing.com\/en\/wp-json\/wp\/v2\/users\/1"}],"replies":[{"embeddable":true,"href":"https:\/\/stinasiljing.com\/en\/wp-json\/wp\/v2\/comments?post=1279"}],"version-history":[{"count":5,"href":"https:\/\/stinasiljing.com\/en\/wp-json\/wp\/v2\/pages\/1279\/revisions"}],"predecessor-version":[{"id":1640,"href":"https:\/\/stinasiljing.com\/en\/wp-json\/wp\/v2\/pages\/1279\/revisions\/1640"}],"wp:attachment":[{"href":"https:\/\/stinasiljing.com\/en\/wp-json\/wp\/v2\/media?parent=1279"}],"curies":[{"name":"wp","href":"https:\/\/api.w.org\/{rel}","templated":true}]}}